{"id":15,"date":"2012-01-19T08:34:03","date_gmt":"2012-01-19T08:34:03","guid":{"rendered":"http:\/\/kessler-translations.de\/wordpress\/?page_id=15"},"modified":"2012-01-25T08:14:09","modified_gmt":"2012-01-25T08:14:09","slug":"meine-referenzen","status":"publish","type":"page","link":"http:\/\/kessler-translations.de\/?page_id=15","title":{"rendered":"Meine Referenzen"},"content":{"rendered":"<p><img decoding=\"async\" loading=\"lazy\" class=\"alignright  wp-image-78\" style=\"border: 0pt none; margin: 0px 0px 0px 30px;\" title=\"BEST1139_\" src=\"http:\/\/kessler-translations.de\/wordpress\/wp-content\/uploads\/2012\/01\/BEST1139_.jpg\" alt=\"\" width=\"400\" height=\"267\" srcset=\"http:\/\/kessler-translations.de\/wordpress\/wp-content\/uploads\/2012\/01\/BEST1139_.jpg 400w, http:\/\/kessler-translations.de\/wordpress\/wp-content\/uploads\/2012\/01\/BEST1139_-300x200.jpg 300w\" sizes=\"(max-width: 400px) 100vw, 400px\" \/>Ich arbeite seit vielen Jahren st\u00e4ndig f\u00fcr international t\u00e4tige Anwaltskanzleien und f\u00fcr renommierte baden-w\u00fcrttembergische Unternehmen.<\/p>\n<p>Auf Anfrage nenne ich Ihnen gerne Details und unterbreite Ihnen f\u00fcr Ihre \u00dcbersetzung ein unverbindliches wettbewerbsf\u00e4higes Angebot.<\/p>\n","protected":false},"excerpt":{"rendered":"<p>Ich arbeite seit vielen Jahren st\u00e4ndig f\u00fcr international t\u00e4tige Anwaltskanzleien und f\u00fcr renommierte baden-w\u00fcrttembergische Unternehmen. Auf Anfrage nenne ich Ihnen gerne Details und unterbreite Ihnen f\u00fcr Ihre \u00dcbersetzung ein unverbindliches wettbewerbsf\u00e4higes Angebot.<\/p>\n","protected":false},"author":1,"featured_media":0,"parent":0,"menu_order":30,"comment_status":"open","ping_status":"open","template":"","meta":[],"_links":{"self":[{"href":"http:\/\/kessler-translations.de\/index.php?rest_route=\/wp\/v2\/pages\/15"}],"collection":[{"href":"http:\/\/kessler-translations.de\/index.php?rest_route=\/wp\/v2\/pages"}],"about":[{"href":"http:\/\/kessler-translations.de\/index.php?rest_route=\/wp\/v2\/types\/page"}],"author":[{"embeddable":true,"href":"http:\/\/kessler-translations.de\/index.php?rest_route=\/wp\/v2\/users\/1"}],"replies":[{"embeddable":true,"href":"http:\/\/kessler-translations.de\/index.php?rest_route=%2Fwp%2Fv2%2Fcomments&post=15"}],"version-history":[{"count":13,"href":"http:\/\/kessler-translations.de\/index.php?rest_route=\/wp\/v2\/pages\/15\/revisions"}],"predecessor-version":[{"id":120,"href":"http:\/\/kessler-translations.de\/index.php?rest_route=\/wp\/v2\/pages\/15\/revisions\/120"}],"wp:attachment":[{"href":"http:\/\/kessler-translations.de\/index.php?rest_route=%2Fwp%2Fv2%2Fmedia&parent=15"}],"curies":[{"name":"wp","href":"https:\/\/api.w.org\/{rel}","templated":true}]}}