{"id":57,"date":"2012-01-23T09:12:44","date_gmt":"2012-01-23T09:12:44","guid":{"rendered":"http:\/\/kessler-translations.de\/wordpress\/?page_id=57"},"modified":"2012-01-25T07:47:03","modified_gmt":"2012-01-25T07:47:03","slug":"impressum","status":"publish","type":"page","link":"http:\/\/kessler-translations.de\/?page_id=57","title":{"rendered":"Impressum"},"content":{"rendered":"<div>\n<p><strong>Kessler Translations<\/strong><br \/>\nRosalind M. Kessler<br \/>\nSteinhaldenweg 1\/1<br \/>\n71134 Aidlingen<\/p>\n<p>Telefon: +49 (0) 7056 92095<br \/>\nMobil: +49 (0) 177 9644394<br \/>\nTelefax: +49 (0) 7056 92096<br \/>\nE-Mail: <a title=\"mail@kessler-translations.de \" href=\"mailto:mail@kessler-translations.de\">mail@kessler-translations.de <\/a><br \/>\nWeb: <a href=\"http:\/\/www.kessler-translations.de\/\">www.kessler-translations.de<\/a><\/p>\n<p><strong>USt.-Identifikationsnummer:<\/strong> DE145102571<\/p>\n<p><strong>Nutzungshinweise<\/strong><\/p>\n<p>Ich habe die in diesem Internet-Angebot enthaltenen Informationen sorgf\u00e4ltig erstellt und bin um laufende \u00dcberpr\u00fcfung und Aktualisierung bem\u00fcht. Dennoch kann ich f\u00fcr die Richtigkeit, Aktualit\u00e4t, Vollst\u00e4ndigkeit und laufende Verf\u00fcgbarkeit unserer Inhalte keinerlei Haftung \u00fcbernehmen. Ich stehe auch nicht daf\u00fcr ein, dass Inhalte unseres Internet-Angebots f\u00fcr den Nutzer und seine Zwecke geeignet sind. Verbindliche Ausk\u00fcnfte, Beratungen, Empfehlungen oder Erkl\u00e4rungen erteile ich ausschlie\u00dflich im Rahmen individueller Kommunikation.<\/p>\n<p><strong>Fotograf:<\/strong> Gordon Below, Herrenberg<\/p>\n<p><strong>Website-Administration und Umsetzung:<\/strong> Claire Schmid, <a href=\"http:\/\/picomol.de\/picolight\/\">Template by picomol<\/a>, powered by <a href=\"http:\/\/www.wordpress.org\">WordPress<\/a>.<\/p>\n<\/div>\n","protected":false},"excerpt":{"rendered":"<p>Kessler Translations Rosalind M. Kessler Steinhaldenweg 1\/1 71134 Aidlingen Telefon: +49 (0) 7056 92095 Mobil: +49 (0) 177 9644394 Telefax: +49 (0) 7056 92096 E-Mail: mail@kessler-translations.de Web: www.kessler-translations.de USt.-Identifikationsnummer: DE145102571 Nutzungshinweise Ich habe die in diesem Internet-Angebot enthaltenen Informationen sorgf\u00e4ltig erstellt und bin um laufende \u00dcberpr\u00fcfung und Aktualisierung bem\u00fcht. Dennoch kann ich f\u00fcr die Richtigkeit, [&hellip;]<\/p>\n","protected":false},"author":1,"featured_media":0,"parent":0,"menu_order":0,"comment_status":"closed","ping_status":"closed","template":"","meta":[],"_links":{"self":[{"href":"http:\/\/kessler-translations.de\/index.php?rest_route=\/wp\/v2\/pages\/57"}],"collection":[{"href":"http:\/\/kessler-translations.de\/index.php?rest_route=\/wp\/v2\/pages"}],"about":[{"href":"http:\/\/kessler-translations.de\/index.php?rest_route=\/wp\/v2\/types\/page"}],"author":[{"embeddable":true,"href":"http:\/\/kessler-translations.de\/index.php?rest_route=\/wp\/v2\/users\/1"}],"replies":[{"embeddable":true,"href":"http:\/\/kessler-translations.de\/index.php?rest_route=%2Fwp%2Fv2%2Fcomments&post=57"}],"version-history":[{"count":10,"href":"http:\/\/kessler-translations.de\/index.php?rest_route=\/wp\/v2\/pages\/57\/revisions"}],"predecessor-version":[{"id":65,"href":"http:\/\/kessler-translations.de\/index.php?rest_route=\/wp\/v2\/pages\/57\/revisions\/65"}],"wp:attachment":[{"href":"http:\/\/kessler-translations.de\/index.php?rest_route=%2Fwp%2Fv2%2Fmedia&parent=57"}],"curies":[{"name":"wp","href":"https:\/\/api.w.org\/{rel}","templated":true}]}}